 {"id":124,"date":"2024-06-11T23:36:03","date_gmt":"2024-06-11T23:36:03","guid":{"rendered":"https:\/\/compassionlatino.com\/?page_id=124"},"modified":"2024-08-19T13:25:09","modified_gmt":"2024-08-19T13:25:09","slug":"faq","status":"publish","type":"page","link":"https:\/\/compassionlatino.com\/en_us\/faq\/","title":{"rendered":"FAQ"},"content":{"rendered":"<div data-elementor-type=\"wp-page\" data-elementor-id=\"124\" class=\"elementor elementor-124\" data-elementor-post-type=\"page\">\n\t\t\t\t<div class=\"elementor-element elementor-element-824a28d e-flex e-con-boxed e-con e-parent\" data-id=\"824a28d\" data-element_type=\"container\">\n\t\t\t\t\t<div class=\"e-con-inner\">\n\t\t\t\t<div class=\"elementor-element elementor-element-35ecf80 elementor-widget elementor-widget-heading\" data-id=\"35ecf80\" data-element_type=\"widget\" data-widget_type=\"heading.default\">\n\t\t\t\t<div class=\"elementor-widget-container\">\n\t\t\t\t\t<h2 class=\"elementor-heading-title elementor-size-default\">FAQ<\/h2>\t\t\t\t<\/div>\n\t\t\t\t<\/div>\n\t\t\t\t<div class=\"elementor-element elementor-element-81e8ed2 elementor-widget elementor-widget-text-editor\" data-id=\"81e8ed2\" data-element_type=\"widget\" data-widget_type=\"text-editor.default\">\n\t\t\t\t<div class=\"elementor-widget-container\">\n\t\t\t\t\t\t\t\t\t<p>Here we will answer some of the most frequently asked questions you may have.<\/p>\t\t\t\t\t\t\t\t<\/div>\n\t\t\t\t<\/div>\n\t\t\t\t<div class=\"elementor-element elementor-element-a66fcc8 elementor-widget elementor-widget-toggle\" data-id=\"a66fcc8\" data-element_type=\"widget\" data-widget_type=\"toggle.default\">\n\t\t\t\t<div class=\"elementor-widget-container\">\n\t\t\t\t\t\t\t<div class=\"elementor-toggle\">\n\t\t\t\t\t\t\t<div class=\"elementor-toggle-item\">\n\t\t\t\t\t<div id=\"elementor-tab-title-1741\" class=\"elementor-tab-title\" data-tab=\"1\" role=\"button\" aria-controls=\"elementor-tab-content-1741\" aria-expanded=\"false\">\n\t\t\t\t\t\t\t\t\t\t\t\t<span class=\"elementor-toggle-icon elementor-toggle-icon-left\" aria-hidden=\"true\">\n\t\t\t\t\t\t\t\t\t\t\t\t\t\t\t<span class=\"elementor-toggle-icon-closed\"><svg xmlns=\"http:\/\/www.w3.org\/2000\/svg\" width=\"24\" height=\"26\" viewbox=\"0 0 24 26\" fill=\"none\"><path d=\"M12 10V18M8 14H16M22 14C22 19.5228 17.5228 24 12 24C6.47715 24 2 19.5228 2 14C2 8.47715 6.47715 4 12 4C17.5228 4 22 8.47715 22 14Z\" stroke=\"#98A2B3\" stroke-width=\"2\" stroke-linecap=\"round\" stroke-linejoin=\"round\"><\/path><\/svg><\/span>\n\t\t\t\t\t\t\t\t<span class=\"elementor-toggle-icon-opened\"><svg xmlns=\"http:\/\/www.w3.org\/2000\/svg\" width=\"24\" height=\"26\" viewbox=\"0 0 24 26\" fill=\"none\"><path d=\"M8 14H16M22 14C22 19.5228 17.5228 24 12 24C6.47715 24 2 19.5228 2 14C2 8.47715 6.47715 4 12 4C17.5228 4 22 8.47715 22 14Z\" stroke=\"#98A2B3\" stroke-width=\"2\" stroke-linecap=\"round\" stroke-linejoin=\"round\"><\/path><\/svg><\/span>\n\t\t\t\t\t\t\t\t\t\t\t\t\t<\/span>\n\t\t\t\t\t\t\t\t\t\t\t\t<a class=\"elementor-toggle-title\" tabindex=\"0\">What is Compassion?<\/a>\n\t\t\t\t\t<\/div>\n\n\t\t\t\t\t<div id=\"elementor-tab-content-1741\" class=\"elementor-tab-content elementor-clearfix\" data-tab=\"1\" role=\"region\" aria-labelledby=\"elementor-tab-title-1741\"><p>Compassion is a Christian organization dedicated to child development through remote sponsorship. Our mission has two objectives: to free children from economic, physical, social, and spiritual poverty, and to help them become responsible adults.<\/p><p>In the same way, we wish for everyone to hear our voice to inspire, motivate, and educate in defending the rights and lives of all children living in extreme poverty.<\/p><\/div>\n\t\t\t\t<\/div>\n\t\t\t\t\t\t\t<div class=\"elementor-toggle-item\">\n\t\t\t\t\t<div id=\"elementor-tab-title-1742\" class=\"elementor-tab-title\" data-tab=\"2\" role=\"button\" aria-controls=\"elementor-tab-content-1742\" aria-expanded=\"false\">\n\t\t\t\t\t\t\t\t\t\t\t\t<span class=\"elementor-toggle-icon elementor-toggle-icon-left\" aria-hidden=\"true\">\n\t\t\t\t\t\t\t\t\t\t\t\t\t\t\t<span class=\"elementor-toggle-icon-closed\"><svg xmlns=\"http:\/\/www.w3.org\/2000\/svg\" width=\"24\" height=\"26\" viewbox=\"0 0 24 26\" fill=\"none\"><path d=\"M12 10V18M8 14H16M22 14C22 19.5228 17.5228 24 12 24C6.47715 24 2 19.5228 2 14C2 8.47715 6.47715 4 12 4C17.5228 4 22 8.47715 22 14Z\" stroke=\"#98A2B3\" stroke-width=\"2\" stroke-linecap=\"round\" stroke-linejoin=\"round\"><\/path><\/svg><\/span>\n\t\t\t\t\t\t\t\t<span class=\"elementor-toggle-icon-opened\"><svg xmlns=\"http:\/\/www.w3.org\/2000\/svg\" width=\"24\" height=\"26\" viewbox=\"0 0 24 26\" fill=\"none\"><path d=\"M8 14H16M22 14C22 19.5228 17.5228 24 12 24C6.47715 24 2 19.5228 2 14C2 8.47715 6.47715 4 12 4C17.5228 4 22 8.47715 22 14Z\" stroke=\"#98A2B3\" stroke-width=\"2\" stroke-linecap=\"round\" stroke-linejoin=\"round\"><\/path><\/svg><\/span>\n\t\t\t\t\t\t\t\t\t\t\t\t\t<\/span>\n\t\t\t\t\t\t\t\t\t\t\t\t<a class=\"elementor-toggle-title\" tabindex=\"0\">What is our mission?<\/a>\n\t\t\t\t\t<\/div>\n\n\t\t\t\t\t<div id=\"elementor-tab-content-1742\" class=\"elementor-tab-content elementor-clearfix\" data-tab=\"2\" role=\"region\" aria-labelledby=\"elementor-tab-title-1742\"><p>Compassion exists to advocate for children and free them from physical, economic, social, and spiritual poverty, as well as to help them become mature and responsible adults.<\/p><\/div>\n\t\t\t\t<\/div>\n\t\t\t\t\t\t\t<div class=\"elementor-toggle-item\">\n\t\t\t\t\t<div id=\"elementor-tab-title-1743\" class=\"elementor-tab-title\" data-tab=\"3\" role=\"button\" aria-controls=\"elementor-tab-content-1743\" aria-expanded=\"false\">\n\t\t\t\t\t\t\t\t\t\t\t\t<span class=\"elementor-toggle-icon elementor-toggle-icon-left\" aria-hidden=\"true\">\n\t\t\t\t\t\t\t\t\t\t\t\t\t\t\t<span class=\"elementor-toggle-icon-closed\"><svg xmlns=\"http:\/\/www.w3.org\/2000\/svg\" width=\"24\" height=\"26\" viewbox=\"0 0 24 26\" fill=\"none\"><path d=\"M12 10V18M8 14H16M22 14C22 19.5228 17.5228 24 12 24C6.47715 24 2 19.5228 2 14C2 8.47715 6.47715 4 12 4C17.5228 4 22 8.47715 22 14Z\" stroke=\"#98A2B3\" stroke-width=\"2\" stroke-linecap=\"round\" stroke-linejoin=\"round\"><\/path><\/svg><\/span>\n\t\t\t\t\t\t\t\t<span class=\"elementor-toggle-icon-opened\"><svg xmlns=\"http:\/\/www.w3.org\/2000\/svg\" width=\"24\" height=\"26\" viewbox=\"0 0 24 26\" fill=\"none\"><path d=\"M8 14H16M22 14C22 19.5228 17.5228 24 12 24C6.47715 24 2 19.5228 2 14C2 8.47715 6.47715 4 12 4C17.5228 4 22 8.47715 22 14Z\" stroke=\"#98A2B3\" stroke-width=\"2\" stroke-linecap=\"round\" stroke-linejoin=\"round\"><\/path><\/svg><\/span>\n\t\t\t\t\t\t\t\t\t\t\t\t\t<\/span>\n\t\t\t\t\t\t\t\t\t\t\t\t<a class=\"elementor-toggle-title\" tabindex=\"0\">What is the minimum fee to sponsor a child with Compassion?<\/a>\n\t\t\t\t\t<\/div>\n\n\t\t\t\t\t<div id=\"elementor-tab-content-1743\" class=\"elementor-tab-content elementor-clearfix\" data-tab=\"3\" role=\"region\" aria-labelledby=\"elementor-tab-title-1743\">Patrocinar a un ni\u00f1o cuesta 43 d\u00f3lares al mes. Se trata de un compromiso importante, pero su valor es inestimable si se tiene en cuenta la gran diferencia que trae en la vida del ni\u00f1o. No se trata de un contrato formal, simplemente es un compromiso adquirido con un ni\u00f1o. Compassion se compromete a buscar un nuevo patrocinador que siga ayudando al ni\u00f1o en el caso que se decida interrumpir el patrocinio.<\/div>\n\t\t\t\t<\/div>\n\t\t\t\t\t\t\t<div class=\"elementor-toggle-item\">\n\t\t\t\t\t<div id=\"elementor-tab-title-1744\" class=\"elementor-tab-title\" data-tab=\"4\" role=\"button\" aria-controls=\"elementor-tab-content-1744\" aria-expanded=\"false\">\n\t\t\t\t\t\t\t\t\t\t\t\t<span class=\"elementor-toggle-icon elementor-toggle-icon-left\" aria-hidden=\"true\">\n\t\t\t\t\t\t\t\t\t\t\t\t\t\t\t<span class=\"elementor-toggle-icon-closed\"><svg xmlns=\"http:\/\/www.w3.org\/2000\/svg\" width=\"24\" height=\"26\" viewbox=\"0 0 24 26\" fill=\"none\"><path d=\"M12 10V18M8 14H16M22 14C22 19.5228 17.5228 24 12 24C6.47715 24 2 19.5228 2 14C2 8.47715 6.47715 4 12 4C17.5228 4 22 8.47715 22 14Z\" stroke=\"#98A2B3\" stroke-width=\"2\" stroke-linecap=\"round\" stroke-linejoin=\"round\"><\/path><\/svg><\/span>\n\t\t\t\t\t\t\t\t<span class=\"elementor-toggle-icon-opened\"><svg xmlns=\"http:\/\/www.w3.org\/2000\/svg\" width=\"24\" height=\"26\" viewbox=\"0 0 24 26\" fill=\"none\"><path d=\"M8 14H16M22 14C22 19.5228 17.5228 24 12 24C6.47715 24 2 19.5228 2 14C2 8.47715 6.47715 4 12 4C17.5228 4 22 8.47715 22 14Z\" stroke=\"#98A2B3\" stroke-width=\"2\" stroke-linecap=\"round\" stroke-linejoin=\"round\"><\/path><\/svg><\/span>\n\t\t\t\t\t\t\t\t\t\t\t\t\t<\/span>\n\t\t\t\t\t\t\t\t\t\t\t\t<a class=\"elementor-toggle-title\" tabindex=\"0\">How long does sponsorship last?<\/a>\n\t\t\t\t\t<\/div>\n\n\t\t\t\t\t<div id=\"elementor-tab-content-1744\" class=\"elementor-tab-content elementor-clearfix\" data-tab=\"4\" role=\"region\" aria-labelledby=\"elementor-tab-title-1744\">Compassion ofrece al patrocinador la posibilidad de permanecer con el ni\u00f1o hasta que este finalice sus estudios, entre los 18 y los 22 a\u00f1os. Se trata de un proyecto a largo plazo; no es un contrato formal, sino un compromiso moral y afectivo. Podr\u00e1 interrumpir su ayuda econ\u00f3mica, si as\u00ed lo desea, en cualquier momento inform\u00e1ndonos con un poco de anticipaci\u00f3n.<\/div>\n\t\t\t\t<\/div>\n\t\t\t\t\t\t\t<div class=\"elementor-toggle-item\">\n\t\t\t\t\t<div id=\"elementor-tab-title-1745\" class=\"elementor-tab-title\" data-tab=\"5\" role=\"button\" aria-controls=\"elementor-tab-content-1745\" aria-expanded=\"false\">\n\t\t\t\t\t\t\t\t\t\t\t\t<span class=\"elementor-toggle-icon elementor-toggle-icon-left\" aria-hidden=\"true\">\n\t\t\t\t\t\t\t\t\t\t\t\t\t\t\t<span class=\"elementor-toggle-icon-closed\"><svg xmlns=\"http:\/\/www.w3.org\/2000\/svg\" width=\"24\" height=\"26\" viewbox=\"0 0 24 26\" fill=\"none\"><path d=\"M12 10V18M8 14H16M22 14C22 19.5228 17.5228 24 12 24C6.47715 24 2 19.5228 2 14C2 8.47715 6.47715 4 12 4C17.5228 4 22 8.47715 22 14Z\" stroke=\"#98A2B3\" stroke-width=\"2\" stroke-linecap=\"round\" stroke-linejoin=\"round\"><\/path><\/svg><\/span>\n\t\t\t\t\t\t\t\t<span class=\"elementor-toggle-icon-opened\"><svg xmlns=\"http:\/\/www.w3.org\/2000\/svg\" width=\"24\" height=\"26\" viewbox=\"0 0 24 26\" fill=\"none\"><path d=\"M8 14H16M22 14C22 19.5228 17.5228 24 12 24C6.47715 24 2 19.5228 2 14C2 8.47715 6.47715 4 12 4C17.5228 4 22 8.47715 22 14Z\" stroke=\"#98A2B3\" stroke-width=\"2\" stroke-linecap=\"round\" stroke-linejoin=\"round\"><\/path><\/svg><\/span>\n\t\t\t\t\t\t\t\t\t\t\t\t\t<\/span>\n\t\t\t\t\t\t\t\t\t\t\t\t<a class=\"elementor-toggle-title\" tabindex=\"0\">What specific benefits does a child receive through sponsorship?<\/a>\n\t\t\t\t\t<\/div>\n\n\t\t\t\t\t<div id=\"elementor-tab-content-1745\" class=\"elementor-tab-content elementor-clearfix\" data-tab=\"5\" role=\"region\" aria-labelledby=\"elementor-tab-title-1745\"><p>Children enrolled in Compassion's sponsorship program receive, among many other things:<\/p><ul><li>Vocational training and educational assistance<\/li><li>Medical assistance and food<\/li><li>Personal guidance for individual development<\/li><li>Attention and affection from local staff<\/li><li>A safe Christian environment where they can grow<\/li><\/ul><\/div>\n\t\t\t\t<\/div>\n\t\t\t\t\t\t\t<div class=\"elementor-toggle-item\">\n\t\t\t\t\t<div id=\"elementor-tab-title-1746\" class=\"elementor-tab-title\" data-tab=\"6\" role=\"button\" aria-controls=\"elementor-tab-content-1746\" aria-expanded=\"false\">\n\t\t\t\t\t\t\t\t\t\t\t\t<span class=\"elementor-toggle-icon elementor-toggle-icon-left\" aria-hidden=\"true\">\n\t\t\t\t\t\t\t\t\t\t\t\t\t\t\t<span class=\"elementor-toggle-icon-closed\"><svg xmlns=\"http:\/\/www.w3.org\/2000\/svg\" width=\"24\" height=\"26\" viewbox=\"0 0 24 26\" fill=\"none\"><path d=\"M12 10V18M8 14H16M22 14C22 19.5228 17.5228 24 12 24C6.47715 24 2 19.5228 2 14C2 8.47715 6.47715 4 12 4C17.5228 4 22 8.47715 22 14Z\" stroke=\"#98A2B3\" stroke-width=\"2\" stroke-linecap=\"round\" stroke-linejoin=\"round\"><\/path><\/svg><\/span>\n\t\t\t\t\t\t\t\t<span class=\"elementor-toggle-icon-opened\"><svg xmlns=\"http:\/\/www.w3.org\/2000\/svg\" width=\"24\" height=\"26\" viewbox=\"0 0 24 26\" fill=\"none\"><path d=\"M8 14H16M22 14C22 19.5228 17.5228 24 12 24C6.47715 24 2 19.5228 2 14C2 8.47715 6.47715 4 12 4C17.5228 4 22 8.47715 22 14Z\" stroke=\"#98A2B3\" stroke-width=\"2\" stroke-linecap=\"round\" stroke-linejoin=\"round\"><\/path><\/svg><\/span>\n\t\t\t\t\t\t\t\t\t\t\t\t\t<\/span>\n\t\t\t\t\t\t\t\t\t\t\t\t<a class=\"elementor-toggle-title\" tabindex=\"0\">How and when was Compassion founded?<\/a>\n\t\t\t\t\t<\/div>\n\n\t\t\t\t\t<div id=\"elementor-tab-content-1746\" class=\"elementor-tab-content elementor-clearfix\" data-tab=\"6\" role=\"region\" aria-labelledby=\"elementor-tab-title-1746\"><p>The mission of Compassion was born from the heart of a man deeply moved by the orphans of the Korean War in 1952. Everett Swanson witnessed firsthand the hardships these children faced and decided that something needed to be done to address this situation.<\/p><p>When he returned to his homeland, Everett organized a program that provided food, shelter, education, medical assistance, and Christian training to Korean orphans. These principles continue to be the fundamental pillars of Compassion's program to this day.<\/p><\/div>\n\t\t\t\t<\/div>\n\t\t\t\t\t\t\t\t\t\t<script type=\"application\/ld+json\">{\"@context\":\"https:\\\/\\\/schema.org\",\"@type\":\"FAQPage\",\"mainEntity\":[{\"@type\":\"Question\",\"name\":\"\\u00bfQu\\u00e9 es Compassion?\",\"acceptedAnswer\":{\"@type\":\"Answer\",\"text\":\"<p>Compassion es una organizaci\\u00f3n cristiana que se dedica al desarrollo infantil a trav\\u00e9s del patrocinio. Nuestra misi\\u00f3n tiene dos objetivos: liberar a los ni\\u00f1os de la pobreza econ\\u00f3mica, f\\u00edsica, social y espiritual, ayud\\u00e1ndoles a convertirse en adultos responsables.<\\\/p><p>Del mismo modo, deseamos que todos puedan o\\u00edr nuestra voz para inspirar, motivar y educar a defender los derechos y las vidas de todos los ni\\u00f1os que viven en contextos de pobreza extrema.<\\\/p>\"}},{\"@type\":\"Question\",\"name\":\"\\u00bfCu\\u00e1l es nuestra misi\\u00f3n?\",\"acceptedAnswer\":{\"@type\":\"Answer\",\"text\":\"<p>Compassion existe para defender a los ni\\u00f1os y liberarlos de la pobreza f\\u00edsica, econ\\u00f3mica, social y espiritual, as\\u00ed como para ayudarles a convertirse en adultos maduros y responsables.<\\\/p>\"}},{\"@type\":\"Question\",\"name\":\"\\u00bfCu\\u00e1l es la cuota m\\u00ednima para patrocinar a un ni\\u00f1o con Compassion?\",\"acceptedAnswer\":{\"@type\":\"Answer\",\"text\":\"Patrocinar a un ni\\u00f1o cuesta 43 d\\u00f3lares al mes. Se trata de un compromiso importante, pero su valor es inestimable si se tiene en cuenta la gran diferencia que trae en la vida del ni\\u00f1o. No se trata de un contrato formal, simplemente es un compromiso adquirido con un ni\\u00f1o. Compassion se compromete a buscar un nuevo patrocinador que siga ayudando al ni\\u00f1o en el caso que se decida interrumpir el patrocinio.\"}},{\"@type\":\"Question\",\"name\":\"\\u00bfCu\\u00e1nto tiempo dura el patrocinio?\",\"acceptedAnswer\":{\"@type\":\"Answer\",\"text\":\"Compassion ofrece al patrocinador la posibilidad de permanecer con el ni\\u00f1o hasta que este finalice sus estudios, entre los 18 y los 22 a\\u00f1os. Se trata de un proyecto a largo plazo; no es un contrato formal, sino un compromiso moral y afectivo. Podr\\u00e1 interrumpir su ayuda econ\\u00f3mica, si as\\u00ed lo desea, en cualquier momento inform\\u00e1ndonos con un poco de anticipaci\\u00f3n.\"}},{\"@type\":\"Question\",\"name\":\"\\u00bfQu\\u00e9 beneficios concretos obtiene un ni\\u00f1o a trav\\u00e9s del patrocinio?\",\"acceptedAnswer\":{\"@type\":\"Answer\",\"text\":\"<p>Los ni\\u00f1os inscritos al programa de patrocinio de Compassion reciben, entre otras muchas cosas:<\\\/p><ul><li>Formaci\\u00f3n profesional y ayuda en los estudios<\\\/li><li>Asistencia m\\u00e9dica y alimentos<\\\/li><li>Gu\\u00eda personal para el propio desarrollo personal<\\\/li><li>Atenci\\u00f3n y afecto por parte del personal local<\\\/li><li>Un ambiente cristiano seguro donde podr\\u00e1n crecer<\\\/li><\\\/ul>\"}},{\"@type\":\"Question\",\"name\":\"\\u00bfC\\u00f3mo y cu\\u00e1ndo naci\\u00f3 Compassion?\",\"acceptedAnswer\":{\"@type\":\"Answer\",\"text\":\"<p>La misi\\u00f3n de Compassion naci\\u00f3 gracias al coraz\\u00f3n de un hombre profundamente impresionado por los hu\\u00e9rfanos de la Guerra de Corea en 1952. Everett Swanson vi\\u00f3 con sus propios ojos las dificultades de estos ni\\u00f1os, y decidi\\u00f3 que hab\\u00eda que poner remedio a esta situaci\\u00f3n.<\\\/p><p>Cuando regres\\u00f3 a su patria, Everett organiz\\u00f3 un programa que permit\\u00eda ofrecer alimentos, refugio, educaci\\u00f3n, asistencia m\\u00e9dica y formaci\\u00f3n cristiana a los hu\\u00e9rfanos coreanos. Estos principios siguen siendo hoy en d\\u00eda los pilares fundamentales del programa de Compassion.<\\\/p>\"}}]}<\/script>\n\t\t\t\t\t<\/div>\n\t\t\t\t\t\t<\/div>\n\t\t\t\t<\/div>\n\t\t\t\t\t<\/div>\n\t\t\t\t<\/div>\n\t\t<div class=\"elementor-element elementor-element-6be84f4 e-flex e-con-boxed e-con e-parent\" data-id=\"6be84f4\" data-element_type=\"container\">\n\t\t\t\t\t<div class=\"e-con-inner\">\n\t\t<div class=\"elementor-element elementor-element-59b4572 e-flex e-con-boxed e-con e-child\" data-id=\"59b4572\" data-element_type=\"container\" data-settings=\"{&quot;background_background&quot;:&quot;classic&quot;}\">\n\t\t\t\t\t<div class=\"e-con-inner\">\n\t\t<div class=\"elementor-element elementor-element-3876e0d e-flex e-con-boxed e-con e-child\" data-id=\"3876e0d\" data-element_type=\"container\">\n\t\t\t\t\t<div class=\"e-con-inner\">\n\t\t\t\t<div class=\"elementor-element elementor-element-0fe3ede elementor-widget elementor-widget-heading\" data-id=\"0fe3ede\" data-element_type=\"widget\" data-widget_type=\"heading.default\">\n\t\t\t\t<div class=\"elementor-widget-container\">\n\t\t\t\t\t<h2 class=\"elementor-heading-title elementor-size-default\">Do you have more questions?<\/h2>\t\t\t\t<\/div>\n\t\t\t\t<\/div>\n\t\t\t\t<div class=\"elementor-element elementor-element-934843d elementor-widget elementor-widget-text-editor\" data-id=\"934843d\" data-element_type=\"widget\" data-widget_type=\"text-editor.default\">\n\t\t\t\t<div class=\"elementor-widget-container\">\n\t\t\t\t\t\t\t\t\t<p>Contact us and let us know your questions.<\/p>\t\t\t\t\t\t\t\t<\/div>\n\t\t\t\t<\/div>\n\t\t\t\t\t<\/div>\n\t\t\t\t<\/div>\n\t\t<div class=\"elementor-element elementor-element-34a74ff e-flex e-con-boxed e-con e-child\" data-id=\"34a74ff\" data-element_type=\"container\">\n\t\t\t\t\t<div class=\"e-con-inner\">\n\t\t\t\t<div class=\"elementor-element elementor-element-65fd2f8 elementor-tablet-align-justify elementor-widget-tablet__width-inherit elementor-widget elementor-widget-button\" data-id=\"65fd2f8\" data-element_type=\"widget\" data-widget_type=\"button.default\">\n\t\t\t\t<div class=\"elementor-widget-container\">\n\t\t\t\t\t\t\t\t\t<div class=\"elementor-button-wrapper\">\n\t\t\t\t\t<a class=\"elementor-button elementor-button-link elementor-size-sm\" href=\"https:\/\/compassionlatino.com\/en_us\/about-us\/\">\n\t\t\t\t\t\t<span class=\"elementor-button-content-wrapper\">\n\t\t\t\t\t\t\t\t\t<span class=\"elementor-button-text\">Get To Know Us<\/span>\n\t\t\t\t\t<\/span>\n\t\t\t\t\t<\/a>\n\t\t\t\t<\/div>\n\t\t\t\t\t\t\t\t<\/div>\n\t\t\t\t<\/div>\n\t\t\t\t<div class=\"elementor-element elementor-element-35d6cac elementor-tablet-align-justify elementor-widget-tablet__width-inherit elementor-widget elementor-widget-button\" data-id=\"35d6cac\" data-element_type=\"widget\" data-widget_type=\"button.default\">\n\t\t\t\t<div class=\"elementor-widget-container\">\n\t\t\t\t\t\t\t\t\t<div class=\"elementor-button-wrapper\">\n\t\t\t\t\t<a class=\"elementor-button elementor-button-link elementor-size-sm\" href=\"https:\/\/compassionlatino.com\/en_us\/sponsor-a-child\/\">\n\t\t\t\t\t\t<span class=\"elementor-button-content-wrapper\">\n\t\t\t\t\t\t\t\t\t<span class=\"elementor-button-text\">Get Involved<\/span>\n\t\t\t\t\t<\/span>\n\t\t\t\t\t<\/a>\n\t\t\t\t<\/div>\n\t\t\t\t\t\t\t\t<\/div>\n\t\t\t\t<\/div>\n\t\t\t\t\t<\/div>\n\t\t\t\t<\/div>\n\t\t\t\t\t<\/div>\n\t\t\t\t<\/div>\n\t\t\t\t\t<\/div>\n\t\t\t\t<\/div>\n\t\t\t\t<\/div>","protected":false},"excerpt":{"rendered":"<p>Preguntas Frecuentes Aqu\u00ed responderemos algunas de las preguntas m\u00e1s frecuentes que pueda tener. \u00bfQu\u00e9 es Compassion? Compassion es una organizaci\u00f3n cristiana que se dedica al desarrollo infantil a trav\u00e9s del patrocinio. Nuestra misi\u00f3n tiene dos objetivos: liberar a los ni\u00f1os de la pobreza econ\u00f3mica, f\u00edsica, social y espiritual, ayud\u00e1ndoles a convertirse en adultos responsables. Del [&hellip;]<\/p>","protected":false},"author":1,"featured_media":0,"parent":0,"menu_order":0,"comment_status":"closed","ping_status":"closed","template":"","meta":{"inline_featured_image":false,"footnotes":""},"class_list":["post-124","page","type-page","status-publish","hentry"],"_links":{"self":[{"href":"https:\/\/compassionlatino.com\/en_us\/wp-json\/wp\/v2\/pages\/124","targetHints":{"allow":["GET"]}}],"collection":[{"href":"https:\/\/compassionlatino.com\/en_us\/wp-json\/wp\/v2\/pages"}],"about":[{"href":"https:\/\/compassionlatino.com\/en_us\/wp-json\/wp\/v2\/types\/page"}],"author":[{"embeddable":true,"href":"https:\/\/compassionlatino.com\/en_us\/wp-json\/wp\/v2\/users\/1"}],"replies":[{"embeddable":true,"href":"https:\/\/compassionlatino.com\/en_us\/wp-json\/wp\/v2\/comments?post=124"}],"version-history":[{"count":0,"href":"https:\/\/compassionlatino.com\/en_us\/wp-json\/wp\/v2\/pages\/124\/revisions"}],"wp:attachment":[{"href":"https:\/\/compassionlatino.com\/en_us\/wp-json\/wp\/v2\/media?parent=124"}],"curies":[{"name":"wp","href":"https:\/\/api.w.org\/{rel}","templated":true}]}}